{"id":17729,"date":"2025-05-15T15:32:58","date_gmt":"2025-05-15T13:32:58","guid":{"rendered":"https:\/\/www.vanut.net\/il-parco-macchine\/"},"modified":"2025-05-29T16:32:29","modified_gmt":"2025-05-29T14:32:29","slug":"il-parco-macchine","status":"publish","type":"page","link":"https:\/\/vanut.net\/fr\/il-parco-macchine\/","title":{"rendered":"Le Parc de Machines"},"content":{"rendered":"\n<p>Notre Parc de Machines est compos\u00e9 de 5 centres d&#8217;usinage \u00e0 5 axes, de tours \u00e0 contr\u00f4le num\u00e9rique et de marqueuse laser pour personnaliser chaque produit en fonction des besoins de nos clients.<\/p>\n\n\n\n<div style=\"height:51px\" aria-hidden=\"true\" class=\"wp-block-spacer\"><\/div>\n\n\n\n<div class=\"wp-block-columns is-layout-flex wp-container-core-columns-is-layout-28f84493 wp-block-columns-is-layout-flex\">\n<div class=\"wp-block-column is-layout-flow wp-block-column-is-layout-flow\">\n<div class=\"wp-block-media-text has-media-on-the-right is-stacked-on-mobile has-palette-color-8-background-color has-background\" style=\"padding-top:var(--wp--preset--spacing--30);padding-bottom:var(--wp--preset--spacing--30);grid-template-columns:auto 40%\"><div class=\"wp-block-media-text__content\">\n<h4 class=\"wp-block-heading\">MACHINE \u00c0 FRAISER HAAS UCM750<\/h4>\n<\/div><figure class=\"wp-block-media-text__media\"><img loading=\"lazy\" decoding=\"async\" width=\"844\" height=\"1024\" src=\"https:\/\/www.vanut.net\/public\/uploads\/2025\/05\/IMG_1581-844x1024.jpg\" alt=\"\" class=\"wp-image-17709 size-full\" srcset=\"https:\/\/vanut.net\/public\/uploads\/2025\/05\/IMG_1581-844x1024.jpg 844w, https:\/\/vanut.net\/public\/uploads\/2025\/05\/IMG_1581-247x300.jpg 247w, https:\/\/vanut.net\/public\/uploads\/2025\/05\/IMG_1581-768x932.jpg 768w, https:\/\/vanut.net\/public\/uploads\/2025\/05\/IMG_1581-1266x1536.jpg 1266w, https:\/\/vanut.net\/public\/uploads\/2025\/05\/IMG_1581-1688x2048.jpg 1688w, https:\/\/vanut.net\/public\/uploads\/2025\/05\/IMG_1581-800x970.jpg 800w\" sizes=\"auto, (max-width: 844px) 100vw, 844px\" \/><\/figure><\/div>\n<\/div>\n\n\n\n<div class=\"wp-block-column is-layout-flow wp-block-column-is-layout-flow\">\n<div class=\"wp-block-media-text has-media-on-the-right is-stacked-on-mobile has-palette-color-8-background-color has-background\" style=\"padding-top:var(--wp--preset--spacing--30);padding-bottom:var(--wp--preset--spacing--30);grid-template-columns:auto 40%\"><div class=\"wp-block-media-text__content\">\n<h4 class=\"wp-block-heading\">PROJECTEUR M.CONTI<\/h4>\n<\/div><figure class=\"wp-block-media-text__media\"><img loading=\"lazy\" decoding=\"async\" width=\"864\" height=\"1024\" src=\"https:\/\/www.vanut.net\/public\/uploads\/2025\/05\/IMG_1620-864x1024.jpg\" alt=\"\" class=\"wp-image-17712 size-full\" srcset=\"https:\/\/vanut.net\/public\/uploads\/2025\/05\/IMG_1620-864x1024.jpg 864w, https:\/\/vanut.net\/public\/uploads\/2025\/05\/IMG_1620-253x300.jpg 253w, https:\/\/vanut.net\/public\/uploads\/2025\/05\/IMG_1620-768x911.jpg 768w, https:\/\/vanut.net\/public\/uploads\/2025\/05\/IMG_1620-1296x1536.jpg 1296w, https:\/\/vanut.net\/public\/uploads\/2025\/05\/IMG_1620-1727x2048.jpg 1727w, https:\/\/vanut.net\/public\/uploads\/2025\/05\/IMG_1620-800x948.jpg 800w\" sizes=\"auto, (max-width: 864px) 100vw, 864px\" \/><\/figure><\/div>\n<\/div>\n<\/div>\n\n\n\n<div class=\"wp-block-columns is-layout-flex wp-container-core-columns-is-layout-28f84493 wp-block-columns-is-layout-flex\">\n<div class=\"wp-block-column is-layout-flow wp-block-column-is-layout-flow\">\n<div class=\"wp-block-media-text has-media-on-the-right is-stacked-on-mobile has-palette-color-8-background-color has-background\" style=\"padding-top:var(--wp--preset--spacing--30);padding-bottom:var(--wp--preset--spacing--30);grid-template-columns:auto 40%\"><div class=\"wp-block-media-text__content\">\n<h4 class=\"wp-block-heading\">MACHINE \u00c0 FRAISER C.B. FERRARI A13<\/h4>\n<\/div><figure class=\"wp-block-media-text__media\"><img loading=\"lazy\" decoding=\"async\" width=\"1024\" height=\"683\" src=\"https:\/\/www.vanut.net\/public\/uploads\/2025\/05\/IMG_1587-1024x683.jpg\" alt=\"\" class=\"wp-image-17715 size-full\" srcset=\"https:\/\/vanut.net\/public\/uploads\/2025\/05\/IMG_1587-1024x683.jpg 1024w, https:\/\/vanut.net\/public\/uploads\/2025\/05\/IMG_1587-300x200.jpg 300w, https:\/\/vanut.net\/public\/uploads\/2025\/05\/IMG_1587-768x512.jpg 768w, https:\/\/vanut.net\/public\/uploads\/2025\/05\/IMG_1587-1536x1024.jpg 1536w, https:\/\/vanut.net\/public\/uploads\/2025\/05\/IMG_1587-2048x1365.jpg 2048w, https:\/\/vanut.net\/public\/uploads\/2025\/05\/IMG_1587-800x533.jpg 800w\" sizes=\"auto, (max-width: 1024px) 100vw, 1024px\" \/><\/figure><\/div>\n<\/div>\n\n\n\n<div class=\"wp-block-column is-layout-flow wp-block-column-is-layout-flow\">\n<div class=\"wp-block-media-text has-media-on-the-right is-stacked-on-mobile has-palette-color-8-background-color has-background\" style=\"padding-top:var(--wp--preset--spacing--30);padding-bottom:var(--wp--preset--spacing--30);grid-template-columns:auto 40%\"><div class=\"wp-block-media-text__content\">\n<h4 class=\"wp-block-heading\">MACHINE \u00c0 FRAISER C.B. FERRARI A17<\/h4>\n<\/div><figure class=\"wp-block-media-text__media\"><img loading=\"lazy\" decoding=\"async\" width=\"1024\" height=\"633\" src=\"https:\/\/www.vanut.net\/public\/uploads\/2025\/05\/IMG_1639-1024x633.jpg\" alt=\"\" class=\"wp-image-17718 size-full\" srcset=\"https:\/\/vanut.net\/public\/uploads\/2025\/05\/IMG_1639-1024x633.jpg 1024w, https:\/\/vanut.net\/public\/uploads\/2025\/05\/IMG_1639-300x185.jpg 300w, https:\/\/vanut.net\/public\/uploads\/2025\/05\/IMG_1639-768x475.jpg 768w, https:\/\/vanut.net\/public\/uploads\/2025\/05\/IMG_1639-1536x949.jpg 1536w, https:\/\/vanut.net\/public\/uploads\/2025\/05\/IMG_1639-2048x1266.jpg 2048w, https:\/\/vanut.net\/public\/uploads\/2025\/05\/IMG_1639-800x494.jpg 800w\" sizes=\"auto, (max-width: 1024px) 100vw, 1024px\" \/><\/figure><\/div>\n<\/div>\n<\/div>\n\n\n\n<div class=\"wp-block-columns is-layout-flex wp-container-core-columns-is-layout-28f84493 wp-block-columns-is-layout-flex\">\n<div class=\"wp-block-column is-layout-flow wp-block-column-is-layout-flow\">\n<div class=\"wp-block-media-text has-media-on-the-right is-stacked-on-mobile has-palette-color-8-background-color has-background\" style=\"padding-top:var(--wp--preset--spacing--30);padding-bottom:var(--wp--preset--spacing--30);grid-template-columns:auto 40%\"><div class=\"wp-block-media-text__content\">\n<h4 class=\"wp-block-heading\">TOUR NEXUS250 MAZAK<\/h4>\n<\/div><figure class=\"wp-block-media-text__media\"><img loading=\"lazy\" decoding=\"async\" width=\"1024\" height=\"665\" src=\"https:\/\/www.vanut.net\/public\/uploads\/2025\/05\/IMG_1601-1024x665.jpg\" alt=\"\" class=\"wp-image-17721 size-full\" srcset=\"https:\/\/vanut.net\/public\/uploads\/2025\/05\/IMG_1601-1024x665.jpg 1024w, https:\/\/vanut.net\/public\/uploads\/2025\/05\/IMG_1601-300x195.jpg 300w, https:\/\/vanut.net\/public\/uploads\/2025\/05\/IMG_1601-768x499.jpg 768w, https:\/\/vanut.net\/public\/uploads\/2025\/05\/IMG_1601-1536x998.jpg 1536w, https:\/\/vanut.net\/public\/uploads\/2025\/05\/IMG_1601-2048x1331.jpg 2048w, https:\/\/vanut.net\/public\/uploads\/2025\/05\/IMG_1601-800x520.jpg 800w\" sizes=\"auto, (max-width: 1024px) 100vw, 1024px\" \/><\/figure><\/div>\n<\/div>\n\n\n\n<div class=\"wp-block-column is-layout-flow wp-block-column-is-layout-flow\">\n<div class=\"wp-block-media-text has-media-on-the-right is-stacked-on-mobile has-palette-color-8-background-color has-background\" style=\"padding-top:var(--wp--preset--spacing--30);padding-bottom:var(--wp--preset--spacing--30);grid-template-columns:auto 40%\"><div class=\"wp-block-media-text__content\">\n<h4 class=\"wp-block-heading\">MACHINE \u00c0 FRAISER HERMLE C22U<\/h4>\n<\/div><figure class=\"wp-block-media-text__media\"><img loading=\"lazy\" decoding=\"async\" width=\"1024\" height=\"683\" src=\"https:\/\/www.vanut.net\/public\/uploads\/2025\/05\/IMG_1614-1024x683.jpg\" alt=\"\" class=\"wp-image-17724 size-full\" srcset=\"https:\/\/vanut.net\/public\/uploads\/2025\/05\/IMG_1614-1024x683.jpg 1024w, https:\/\/vanut.net\/public\/uploads\/2025\/05\/IMG_1614-300x200.jpg 300w, https:\/\/vanut.net\/public\/uploads\/2025\/05\/IMG_1614-768x512.jpg 768w, https:\/\/vanut.net\/public\/uploads\/2025\/05\/IMG_1614-1536x1024.jpg 1536w, https:\/\/vanut.net\/public\/uploads\/2025\/05\/IMG_1614-2048x1365.jpg 2048w, https:\/\/vanut.net\/public\/uploads\/2025\/05\/IMG_1614-800x533.jpg 800w\" sizes=\"auto, (max-width: 1024px) 100vw, 1024px\" \/><\/figure><\/div>\n<\/div>\n<\/div>\n","protected":false},"excerpt":{"rendered":"<p>Notre Parc de Machines est compos\u00e9 de 5 centres d&#8217;usinage \u00e0 5 axes, de tours \u00e0 contr\u00f4le num\u00e9rique et de marqueuse laser pour personnaliser chaque produit en fonction des besoins de nos clients. MACHINE \u00c0 FRAISER HAAS UCM750 PROJECTEUR M.CONTI MACHINE \u00c0 FRAISER C.B. FERRARI A13 MACHINE \u00c0 FRAISER C.B. FERRARI A17 TOUR NEXUS250 MAZAK [&hellip;]<\/p>\n","protected":false},"author":22,"featured_media":0,"parent":0,"menu_order":0,"comment_status":"closed","ping_status":"closed","template":"","meta":{"_acf_changed":false,"footnotes":""},"class_list":["post-17729","page","type-page","status-publish","hentry"],"blocksy_meta":{"content_style_source":"custom","content_style":"wide","styles_descriptor":{"styles":{"desktop":"[data-prefix=\"single_page\"] [class*=\"ct-container\"] > article[class*=\"post\"] {--has-boxed:var(--false);--has-wide:var(--true);}","tablet":"","mobile":""},"google_fonts":[],"version":6}},"acf":[],"_links":{"self":[{"href":"https:\/\/vanut.net\/fr\/wp-json\/wp\/v2\/pages\/17729","targetHints":{"allow":["GET"]}}],"collection":[{"href":"https:\/\/vanut.net\/fr\/wp-json\/wp\/v2\/pages"}],"about":[{"href":"https:\/\/vanut.net\/fr\/wp-json\/wp\/v2\/types\/page"}],"author":[{"embeddable":true,"href":"https:\/\/vanut.net\/fr\/wp-json\/wp\/v2\/users\/22"}],"replies":[{"embeddable":true,"href":"https:\/\/vanut.net\/fr\/wp-json\/wp\/v2\/comments?post=17729"}],"version-history":[{"count":3,"href":"https:\/\/vanut.net\/fr\/wp-json\/wp\/v2\/pages\/17729\/revisions"}],"predecessor-version":[{"id":17969,"href":"https:\/\/vanut.net\/fr\/wp-json\/wp\/v2\/pages\/17729\/revisions\/17969"}],"wp:attachment":[{"href":"https:\/\/vanut.net\/fr\/wp-json\/wp\/v2\/media?parent=17729"}],"curies":[{"name":"wp","href":"https:\/\/api.w.org\/{rel}","templated":true}]}}