{"id":17754,"date":"2025-01-08T15:26:49","date_gmt":"2025-01-08T14:26:49","guid":{"rendered":"https:\/\/www.vanut.net\/home\/"},"modified":"2025-05-16T16:12:52","modified_gmt":"2025-05-16T14:12:52","slug":"home","status":"publish","type":"page","link":"https:\/\/vanut.net\/fr\/","title":{"rendered":"Home"},"content":{"rendered":"\n<div class=\"wp-block-group is-content-justification-left is-layout-constrained wp-container-core-group-is-layout-12dd3699 wp-block-group-is-layout-constrained\">\n<div class=\"wp-block-media-text alignfull has-media-on-the-right is-stacked-on-mobile is-vertically-aligned-center is-style-default zero-padding home-description\" style=\"padding-right:0px;padding-left:0px\"><div class=\"wp-block-media-text__content\">\n<h3 class=\"wp-block-heading has-text-color\" style=\"color:#000000\">Fabricant sp\u00e9cialis\u00e9 dans la production d\u2019outils \u00e0 la fixation m\u00e9canique pour usinage par enl\u00e8vement de copeaux, fraises \u00e0 plaquettes et les plaquettes associ\u00e9es, les fraises \u00e0 moules \u00e0 grande avance, les fraises \u00e0 filets.<\/h3>\n\n\n\n<p class=\"has-text-color\" style=\"color:#636363;font-size:clamp(14px, 0.875rem + ((1vw - 3.2px) * 0.234), 17px);line-height:1.5\">Depuis 1996 VANUT s.r.l. produit et d\u00e9veloppe des solutions d\u2019usinage par enl\u00e8vement de copeaux \u00e0 travers d&#8217;outils \u00e0 la fixation m\u00e9caniques les plus avanc\u00e9s.<strong> <\/strong><\/p>\n\n\n\n<p class=\"has-text-color\" style=\"color:#636363;font-size:clamp(14px, 0.875rem + ((1vw - 3.2px) * 0.234), 17px);line-height:1.5\">Tous les produits sont r\u00e9alis\u00e9s avec des aciers certifi\u00e9s, avec la plus haute r\u00e9sistance aux contraintes et trait\u00e9s avec des traitements thermiques appropri\u00e9s. Le dynamisme, la qualit\u00e9 et la fiabilit\u00e9 du produit sont \u00e9galement garantis par l&#8217;utilisation d&#8217;accessoires de pr\u00e9cision SFS.<\/p>\n<\/div><figure class=\"wp-block-media-text__media\"><img loading=\"lazy\" decoding=\"async\" width=\"680\" height=\"296\" src=\"https:\/\/vanut.net\/public\/uploads\/2025\/01\/alto_avanzamento.png\" alt=\"\" class=\"wp-image-516 size-full\" srcset=\"https:\/\/vanut.net\/public\/uploads\/2025\/01\/alto_avanzamento.png 680w, https:\/\/vanut.net\/public\/uploads\/2025\/01\/alto_avanzamento-600x261.png 600w, https:\/\/vanut.net\/public\/uploads\/2025\/01\/alto_avanzamento-300x131.png 300w\" sizes=\"auto, (max-width: 680px) 100vw, 680px\" \/><\/figure><\/div>\n<\/div>\n\n\n\n<div class=\"wp-block-columns is-layout-flex wp-container-core-columns-is-layout-28f84493 wp-block-columns-is-layout-flex\">\n<div class=\"wp-block-column is-layout-flow wp-block-column-is-layout-flow\">\n<div class=\"wp-block-media-text has-media-on-the-right is-stacked-on-mobile has-palette-color-8-background-color has-background\" style=\"padding-top:var(--wp--preset--spacing--30);padding-bottom:var(--wp--preset--spacing--30);grid-template-columns:auto 40%\"><div class=\"wp-block-media-text__content\">\n<h4 class=\"wp-block-heading\">T\u00eates de fraisage<\/h4>\n\n\n\n<p>Fraises \u00e0 queue filet\u00e9e pour l&#8217;usinage g\u00e9n\u00e9ral et le copiage.<\/p>\n\n\n\n<div class=\"wp-block-buttons is-layout-flex wp-block-buttons-is-layout-flex\">\n<div class=\"wp-block-button\"><a class=\"wp-block-button__link wp-element-button\" href=\"https:\/\/vanut.net\/fr\/categorie-de-produit\/tete-de-fraisage\/\">Voir<\/a><\/div>\n<\/div>\n<\/div><figure class=\"wp-block-media-text__media\"><img loading=\"lazy\" decoding=\"async\" width=\"960\" height=\"830\" src=\"https:\/\/vanut.net\/public\/uploads\/2025\/02\/Testine-Per-Fresatura.jpg\" alt=\"\" class=\"wp-image-3241 size-full\" srcset=\"https:\/\/vanut.net\/public\/uploads\/2025\/02\/Testine-Per-Fresatura.jpg 960w, https:\/\/vanut.net\/public\/uploads\/2025\/02\/Testine-Per-Fresatura-800x692.jpg 800w, https:\/\/vanut.net\/public\/uploads\/2025\/02\/Testine-Per-Fresatura-300x259.jpg 300w, https:\/\/vanut.net\/public\/uploads\/2025\/02\/Testine-Per-Fresatura-768x664.jpg 768w\" sizes=\"auto, (max-width: 960px) 100vw, 960px\" \/><\/figure><\/div>\n<\/div>\n\n\n\n<div class=\"wp-block-column is-layout-flow wp-block-column-is-layout-flow\">\n<div class=\"wp-block-media-text has-media-on-the-right is-stacked-on-mobile has-palette-color-8-background-color has-background\" style=\"padding-top:var(--wp--preset--spacing--30);padding-bottom:var(--wp--preset--spacing--30);grid-template-columns:auto 40%\"><div class=\"wp-block-media-text__content\">\n<h4 class=\"wp-block-heading\">Surfa\u00e7age 45\u00b0<\/h4>\n\n\n\n<p>Fraises \u00e0 surfacer \u00e0 45\u00b0 pour plaquettes carr\u00e9es.<\/p>\n\n\n\n<div class=\"wp-block-buttons is-layout-flex wp-block-buttons-is-layout-flex\">\n<div class=\"wp-block-button\"><a class=\"wp-block-button__link wp-element-button\" href=\"https:\/\/vanut.net\/fr\/categorie-de-produit\/surfacage-45\/\">Voir<\/a><\/div>\n<\/div>\n<\/div><figure class=\"wp-block-media-text__media\"><img decoding=\"async\" src=\"https:\/\/vanut.net\/public\/uploads\/2025\/04\/Spianatura-45.jpg\" alt=\"\" class=\"wp-image-11976 size-full\"\/><\/figure><\/div>\n<\/div>\n<\/div>\n\n\n\n<div class=\"wp-block-columns is-layout-flex wp-container-core-columns-is-layout-28f84493 wp-block-columns-is-layout-flex\">\n<div class=\"wp-block-column is-layout-flow wp-block-column-is-layout-flow\">\n<div class=\"wp-block-media-text has-media-on-the-right is-stacked-on-mobile has-palette-color-8-background-color has-background\" style=\"padding-top:var(--wp--preset--spacing--30);padding-bottom:var(--wp--preset--spacing--30);grid-template-columns:auto 40%\"><div class=\"wp-block-media-text__content\">\n<h4 class=\"wp-block-heading\">\u00c9paulement 90\u00b0<\/h4>\n\n\n\n<p>Fraises \u00e0 \u00e9paulement \u00e0 90\u00b0 pour diff\u00e9rentes types de plaquettes.<\/p>\n\n\n\n<div class=\"wp-block-buttons is-layout-flex wp-block-buttons-is-layout-flex\">\n<div class=\"wp-block-button\"><a class=\"wp-block-button__link wp-element-button\" href=\"https:\/\/vanut.net\/fr\/categorie-de-produit\/epaulement-90\/\">Voir<\/a><\/div>\n<\/div>\n<\/div><figure class=\"wp-block-media-text__media\"><img decoding=\"async\" src=\"https:\/\/vanut.net\/public\/uploads\/2025\/04\/Spallamento-90.jpg\" alt=\"\" class=\"wp-image-11975 size-full\"\/><\/figure><\/div>\n<\/div>\n\n\n\n<div class=\"wp-block-column is-layout-flow wp-block-column-is-layout-flow\">\n<div class=\"wp-block-media-text has-media-on-the-right is-stacked-on-mobile has-palette-color-8-background-color has-background\" style=\"padding-top:var(--wp--preset--spacing--30);padding-bottom:var(--wp--preset--spacing--30);grid-template-columns:auto 40%\"><div class=\"wp-block-media-text__content\">\n<h4 class=\"wp-block-heading\">Chanfreins<\/h4>\n\n\n\n<p>Fraises \u00e0 chanfreiner et \u00e0 fraiser pour diff\u00e9rentes types de plaquettes.<\/p>\n\n\n\n<div class=\"wp-block-buttons is-layout-flex wp-block-buttons-is-layout-flex\">\n<div class=\"wp-block-button\"><a class=\"wp-block-button__link wp-element-button\" href=\"https:\/\/vanut.net\/fr\/categorie-de-produit\/chanfreins\/\">Voir<\/a><\/div>\n<\/div>\n<\/div><figure class=\"wp-block-media-text__media\"><img decoding=\"async\" src=\"https:\/\/vanut.net\/public\/uploads\/2025\/04\/Smussi-e-Svasature.jpg\" alt=\"\" class=\"wp-image-11973 size-full\"\/><\/figure><\/div>\n<\/div>\n<\/div>\n\n\n\n<div class=\"wp-block-columns is-layout-flex wp-container-core-columns-is-layout-28f84493 wp-block-columns-is-layout-flex\">\n<div class=\"wp-block-column is-layout-flow wp-block-column-is-layout-flow\">\n<div class=\"wp-block-media-text has-media-on-the-right is-stacked-on-mobile has-palette-color-8-background-color has-background\" style=\"padding-top:var(--wp--preset--spacing--30);padding-bottom:var(--wp--preset--spacing--30);grid-template-columns:auto 40%\"><div class=\"wp-block-media-text__content\">\n<h4 class=\"wp-block-heading\">Fraises Coniques<\/h4>\n\n\n\n<p>Fraises \u00e0 chanfreiner multi-coupes.<\/p>\n\n\n\n<div class=\"wp-block-buttons is-layout-flex wp-block-buttons-is-layout-flex\">\n<div class=\"wp-block-button\"><a class=\"wp-block-button__link wp-element-button\" href=\"https:\/\/vanut.net\/fr\/categorie-de-produit\/fraises-coniques\/\">Voir<\/a><\/div>\n<\/div>\n<\/div><figure class=\"wp-block-media-text__media\"><img decoding=\"async\" src=\"https:\/\/vanut.net\/public\/uploads\/2025\/04\/Frese-Coniche.jpg\" alt=\"\" class=\"wp-image-11978 size-full\"\/><\/figure><\/div>\n<\/div>\n\n\n\n<div class=\"wp-block-column is-layout-flow wp-block-column-is-layout-flow\">\n<div class=\"wp-block-media-text has-media-on-the-right is-stacked-on-mobile has-palette-color-8-background-color has-background\" style=\"padding-top:var(--wp--preset--spacing--30);padding-bottom:var(--wp--preset--spacing--30);grid-template-columns:auto 40%\"><div class=\"wp-block-media-text__content\">\n<h4 class=\"wp-block-heading\">Fraises H\u00e9risson<\/h4>\n\n\n\n<p>Fraises multi-h\u00e9lices \u00e0 pas constant.<\/p>\n\n\n\n<div class=\"wp-block-buttons is-layout-flex wp-block-buttons-is-layout-flex\">\n<div class=\"wp-block-button\"><a class=\"wp-block-button__link wp-element-button\" href=\"https:\/\/vanut.net\/fr\/categorie-de-produit\/fraises-herisson\/\">Voir<\/a><\/div>\n<\/div>\n<\/div><figure class=\"wp-block-media-text__media\"><img decoding=\"async\" src=\"https:\/\/vanut.net\/public\/uploads\/2025\/04\/Frese-a-Riccio.jpg\" alt=\"\" class=\"wp-image-11974 size-full\"\/><\/figure><\/div>\n<\/div>\n<\/div>\n","protected":false},"excerpt":{"rendered":"<p>Fabricant sp\u00e9cialis\u00e9 dans la production d\u2019outils \u00e0 la fixation m\u00e9canique pour usinage par enl\u00e8vement de copeaux, fraises \u00e0 plaquettes et les plaquettes associ\u00e9es, les fraises \u00e0 moules \u00e0 grande avance, les fraises \u00e0 filets. Depuis 1996 VANUT s.r.l. produit et d\u00e9veloppe des solutions d\u2019usinage par enl\u00e8vement de copeaux \u00e0 travers d&#8217;outils \u00e0 la fixation m\u00e9caniques [&hellip;]<\/p>\n","protected":false},"author":2,"featured_media":0,"parent":0,"menu_order":0,"comment_status":"closed","ping_status":"closed","template":"","meta":{"_acf_changed":false,"footnotes":""},"class_list":["post-17754","page","type-page","status-publish","hentry"],"blocksy_meta":{"has_hero_section":"disabled","styles_descriptor":{"styles":{"desktop":"","tablet":"","mobile":""},"google_fonts":[],"version":6}},"acf":[],"_links":{"self":[{"href":"https:\/\/vanut.net\/fr\/wp-json\/wp\/v2\/pages\/17754","targetHints":{"allow":["GET"]}}],"collection":[{"href":"https:\/\/vanut.net\/fr\/wp-json\/wp\/v2\/pages"}],"about":[{"href":"https:\/\/vanut.net\/fr\/wp-json\/wp\/v2\/types\/page"}],"author":[{"embeddable":true,"href":"https:\/\/vanut.net\/fr\/wp-json\/wp\/v2\/users\/2"}],"replies":[{"embeddable":true,"href":"https:\/\/vanut.net\/fr\/wp-json\/wp\/v2\/comments?post=17754"}],"version-history":[{"count":2,"href":"https:\/\/vanut.net\/fr\/wp-json\/wp\/v2\/pages\/17754\/revisions"}],"predecessor-version":[{"id":17862,"href":"https:\/\/vanut.net\/fr\/wp-json\/wp\/v2\/pages\/17754\/revisions\/17862"}],"wp:attachment":[{"href":"https:\/\/vanut.net\/fr\/wp-json\/wp\/v2\/media?parent=17754"}],"curies":[{"name":"wp","href":"https:\/\/api.w.org\/{rel}","templated":true}]}}