{"id":18278,"date":"2025-05-26T15:31:43","date_gmt":"2025-05-26T13:31:43","guid":{"rendered":"https:\/\/vanut.net\/codici-promo\/"},"modified":"2026-03-09T14:27:16","modified_gmt":"2026-03-09T13:27:16","slug":"codici-promo","status":"publish","type":"page","link":"https:\/\/vanut.net\/fr\/codici-promo\/","title":{"rendered":"Codes Promo"},"content":{"rendered":"\n<p>Sur cette page vous trouverez tous les codes promotionnels que vous pouvez appliquer \u00e0 vos commandes.<\/p>\n\n\n\n<div class=\"wp-block-columns is-layout-flex wp-container-core-columns-is-layout-28f84493 wp-block-columns-is-layout-flex\">\n<div class=\"wp-block-column has-border-color has-palette-color-5-background-color has-background is-layout-flow wp-block-column-is-layout-flow\" style=\"border-color:var(--theme-palette-color-7, #D9D9D9);border-width:1px;border-radius:20px;padding-top:20px;padding-right:20px;padding-bottom:20px;padding-left:20px\">\n<h5 class=\"wp-block-heading\">Code de Bienvenue!<\/h5>\n\n\n\n<p>5&nbsp;% de R\u00e9duction sur votre premi\u00e8re commande e-commerce. Valable pour un achat minimum de 150&nbsp;\u20ac et maximum de 350&nbsp;\u20ac. Non applicable sur les kits d&#8217;al\u00e9sage en M\u00e9tal dur.<\/p>\n\n\n\n<div class=\"wp-block-buttons is-content-justification-center is-layout-flex wp-container-core-buttons-is-layout-a89b3969 wp-block-buttons-is-layout-flex\">\n<div class=\"wp-block-button\"><a class=\"wp-block-button__link wp-element-button\">BENVENUTO<\/a><\/div>\n<\/div>\n<\/div>\n\n\n\n<div class=\"wp-block-column has-border-color has-palette-color-5-background-color has-background is-layout-flow wp-block-column-is-layout-flow\" style=\"border-color:var(--theme-palette-color-7, #D9D9D9);border-width:1px;border-radius:20px;padding-top:20px;padding-right:20px;padding-bottom:20px;padding-left:20px\">\n<h5 class=\"wp-block-heading\">Promo Plaquettes APKT 1003!<\/h5>\n\n\n\n<p>Plaquettes APKT 100308 PDSR ou PDTR \u00e0 2,30 \u20ac nets \u00e0 l&#8217;unit\u00e9, pour une commande minimum de 100 pi\u00e8ces. Offre valable dans la limite des stocks disponibles. Livraison gratuite \u00e0 partir de 300 \u20ac d&#8217;achat&nbsp;!<\/p>\n\n\n\n<div class=\"wp-block-buttons is-content-justification-center is-layout-flex wp-container-core-buttons-is-layout-a89b3969 wp-block-buttons-is-layout-flex\">\n<div class=\"wp-block-button\"><a class=\"wp-block-button__link wp-element-button\">INSERTI<\/a><\/div>\n<\/div>\n<\/div>\n\n\n\n<div class=\"wp-block-column has-border-color has-palette-color-5-background-color has-background is-layout-flow wp-block-column-is-layout-flow\" style=\"border-color:var(--theme-palette-color-7, #D9D9D9);border-width:1px;border-radius:20px;padding-top:20px;padding-right:20px;padding-bottom:20px;padding-left:20px\">\n<h5 class=\"wp-block-heading\">Promo Plaquettes APKT 1604!<\/h5>\n\n\n\n<p>Plaquettes APKT 160408 PDER-X1 VHP920 \u00e0 3,00\u00a0\u20ac nets \u00e0 l\u2019unit\u00e9, pour une commande minimum de 100\u00a0pi\u00e8ces. Offre valable dans la limite des stocks disponibles. Livraison gratuite \u00e0 partir de 300\u00a0\u20ac d\u2019achat\u00a0!<\/p>\n\n\n\n<div class=\"wp-block-buttons is-content-justification-center is-layout-flex wp-container-core-buttons-is-layout-a89b3969 wp-block-buttons-is-layout-flex\">\n<div class=\"wp-block-button\"><a class=\"wp-block-button__link wp-element-button\">INSERTI16<\/a><\/div>\n<\/div>\n<\/div>\n\n\n\n<div class=\"wp-block-column is-layout-flow wp-block-column-is-layout-flow\"><\/div>\n<\/div>\n\n\n\n<div class=\"wp-block-cover\" style=\"min-height:200px;aspect-ratio:unset;\"><span aria-hidden=\"true\" class=\"wp-block-cover__background has-palette-color-1-background-color has-background-dim-100 has-background-dim\"><\/span><div class=\"wp-block-cover__inner-container is-layout-constrained wp-block-cover-is-layout-constrained\">\n<p class=\"has-text-align-center has-large-font-size\">Comment b\u00e9n\u00e9ficier de la r\u00e9duction?<\/p>\n\n\n\n<p class=\"has-text-align-left has-palette-color-8-color has-text-color has-link-color wp-elements-9da3047b4c9653945e4763eecb0003cc\" style=\"font-size:clamp(14px, 0.875rem + ((1vw - 3.2px) * 0.156), 16px);\">Inscrivez-vous sur notre site web et recevez imm\u00e9diatement cette offre sp\u00e9ciale.<\/p>\n\n\n\n<p class=\"has-text-align-left has-palette-color-8-color has-text-color has-link-color wp-elements-a3fe82c71f58011a0c4f70cf2ebc4a46\" style=\"font-size:clamp(14px, 0.875rem + ((1vw - 3.2px) * 0.156), 16px);\">Saisissez simplement le code de r\u00e9duction ci-dessus directement dans votre panier.<\/p>\n\n\n\n<p class=\"has-text-align-left has-palette-color-8-color has-text-color has-link-color wp-elements-9d4ed5fddeb514ceff89edf47e4410d8\" style=\"font-size:clamp(14px, 0.875rem + ((1vw - 3.2px) * 0.156), 16px);\">Cette promotion est valable d\u00e8s votre login et n&#8217;est pas cumulable avec d&#8217;autres promotions en cours. Ce code ne s&#8217;applique pas aux produits de la cat\u00e9gorie suivante&nbsp;: Kits d&#8217;outils d&#8217;al\u00e9sage en m\u00e9tal dur.<\/p>\n<\/div><\/div>\n","protected":false},"excerpt":{"rendered":"<p>Sur cette page vous trouverez tous les codes promotionnels que vous pouvez appliquer \u00e0 vos commandes. Code de Bienvenue! 5&nbsp;% de R\u00e9duction sur votre premi\u00e8re commande e-commerce. Valable pour un achat minimum de 150&nbsp;\u20ac et maximum de 350&nbsp;\u20ac. Non applicable sur les kits d&#8217;al\u00e9sage en M\u00e9tal dur. Promo Plaquettes APKT 1003! Plaquettes APKT 100308 PDSR [&hellip;]<\/p>\n","protected":false},"author":2,"featured_media":0,"parent":0,"menu_order":0,"comment_status":"closed","ping_status":"closed","template":"","meta":{"_acf_changed":false,"footnotes":""},"class_list":["post-18278","page","type-page","status-publish","hentry"],"blocksy_meta":{"content_style_source":"custom","content_style":"boxed","styles_descriptor":{"styles":{"desktop":"[data-prefix=\"single_page\"] [class*=\"ct-container\"] > article[class*=\"post\"] {--has-boxed:var(--true);--has-wide:var(--false);background-color:var(--has-background, var(--theme-palette-color-8));--theme-boxed-content-border-radius:3px;--theme-boxed-content-spacing:40px;--theme-boxed-content-box-shadow:0px 12px 18px -6px rgba(34, 56, 101, 0.04);}","tablet":"[data-prefix=\"single_page\"] [class*=\"ct-container\"] > article[class*=\"post\"] {--theme-boxed-content-spacing:35px;}","mobile":"[data-prefix=\"single_page\"] [class*=\"ct-container\"] > article[class*=\"post\"] {--theme-boxed-content-spacing:20px;}"},"google_fonts":[],"version":6}},"acf":[],"_links":{"self":[{"href":"https:\/\/vanut.net\/fr\/wp-json\/wp\/v2\/pages\/18278","targetHints":{"allow":["GET"]}}],"collection":[{"href":"https:\/\/vanut.net\/fr\/wp-json\/wp\/v2\/pages"}],"about":[{"href":"https:\/\/vanut.net\/fr\/wp-json\/wp\/v2\/types\/page"}],"author":[{"embeddable":true,"href":"https:\/\/vanut.net\/fr\/wp-json\/wp\/v2\/users\/2"}],"replies":[{"embeddable":true,"href":"https:\/\/vanut.net\/fr\/wp-json\/wp\/v2\/comments?post=18278"}],"version-history":[{"count":3,"href":"https:\/\/vanut.net\/fr\/wp-json\/wp\/v2\/pages\/18278\/revisions"}],"predecessor-version":[{"id":18590,"href":"https:\/\/vanut.net\/fr\/wp-json\/wp\/v2\/pages\/18278\/revisions\/18590"}],"wp:attachment":[{"href":"https:\/\/vanut.net\/fr\/wp-json\/wp\/v2\/media?parent=18278"}],"curies":[{"name":"wp","href":"https:\/\/api.w.org\/{rel}","templated":true}]}}